{"id":104344,"date":"2021-12-22T19:09:57","date_gmt":"2021-12-22T19:09:57","guid":{"rendered":"https:\/\/www.codicer95.es\/en\/product\/moorea-latte\/"},"modified":"2025-09-09T12:34:16","modified_gmt":"2025-09-09T12:34:16","slug":"moorea-latte","status":"publish","type":"product","link":"https:\/\/www.codicer95.es\/en\/product\/moorea-latte\/","title":{"rendered":"Moorea Latte"},"content":{"rendered":"","protected":false},"excerpt":{"rendered":"<p>Moorea, Es Una Hermosa Isla Volc\u00e1nica De La Polinesia Francesa Con Grandes Plantaciones De Pi\u00f1a, Aguacates Y Pomelos. De Ah\u00ed Recibe Su Nombre Nuestra Serie Moorea. Una Serie Fresca Y Juvenil En La Que Recreamos Los Colores De Sus Aguas Y De Los Frutos Que La Caracterizan.<br \/>\nCon Esta Serie Damos Rienda Suelta Al Dise\u00f1o Enriquecido Por El Uso De La Tecnolog\u00eda Ddg (Digital Dry Glaze) Que Aportan Variedad De Texturas Y Brillos A Sus Dise\u00f1os.<\/p>\n","protected":false},"featured_media":105336,"template":"","meta":[],"product_cat":[681],"product_tag":[826],"_links":{"self":[{"href":"https:\/\/www.codicer95.es\/en\/wp-json\/wp\/v2\/product\/104344"}],"collection":[{"href":"https:\/\/www.codicer95.es\/en\/wp-json\/wp\/v2\/product"}],"about":[{"href":"https:\/\/www.codicer95.es\/en\/wp-json\/wp\/v2\/types\/product"}],"wp:featuredmedia":[{"embeddable":true,"href":"https:\/\/www.codicer95.es\/en\/wp-json\/wp\/v2\/media\/105336"}],"wp:attachment":[{"href":"https:\/\/www.codicer95.es\/en\/wp-json\/wp\/v2\/media?parent=104344"}],"wp:term":[{"taxonomy":"product_cat","embeddable":true,"href":"https:\/\/www.codicer95.es\/en\/wp-json\/wp\/v2\/product_cat?post=104344"},{"taxonomy":"product_tag","embeddable":true,"href":"https:\/\/www.codicer95.es\/en\/wp-json\/wp\/v2\/product_tag?post=104344"}],"curies":[{"name":"wp","href":"https:\/\/api.w.org\/{rel}","templated":true}]}}