{"id":96440,"date":"2021-12-23T00:06:03","date_gmt":"2021-12-23T00:06:03","guid":{"rendered":"https:\/\/www.codicer95.es\/de\/product\/hex-25-porto-venere-blue\/"},"modified":"2025-09-09T12:38:57","modified_gmt":"2025-09-09T12:38:57","slug":"hex-25-porto-venere-blue","status":"publish","type":"product","link":"https:\/\/www.codicer95.es\/de\/product\/hex-25-porto-venere-blue\/","title":{"rendered":"Hex 25 Porto Venere Blue"},"content":{"rendered":"","protected":false},"excerpt":{"rendered":"<p>La Serie Porto Est\u00e1 Inspirada En Las Marinas De Los Puertos Tur\u00edsticos Italianos: Porto Capri, Porto Venere Y Porto Savona, Los Que Dan Nombre A Esta Serie Y Sus Peculiares Dise\u00f1os Geom\u00e9tricos.<br \/>\nLa Gama Se Presenta En 5 Colores Que Recrean Los Colores De Las Casitas Altas De La Costa De Liguria Y Cinque Terre: Pink, Yellow, Blue, Aqua Y Black, Colores Que Podemos Admirar Desde El Mar O Paseando Por Sus Estrechas Callejuelas.<br \/>\nEsta Serie Presenta Varias Opciones De Colocaci\u00f3n Y Deliciosas Combinaciones Que Pueden Adaptarse A Diversos Proyectos.<\/p>\n","protected":false},"featured_media":97439,"template":"","meta":[],"product_cat":[401],"product_tag":[574],"_links":{"self":[{"href":"https:\/\/www.codicer95.es\/de\/wp-json\/wp\/v2\/product\/96440"}],"collection":[{"href":"https:\/\/www.codicer95.es\/de\/wp-json\/wp\/v2\/product"}],"about":[{"href":"https:\/\/www.codicer95.es\/de\/wp-json\/wp\/v2\/types\/product"}],"wp:featuredmedia":[{"embeddable":true,"href":"https:\/\/www.codicer95.es\/de\/wp-json\/wp\/v2\/media\/97439"}],"wp:attachment":[{"href":"https:\/\/www.codicer95.es\/de\/wp-json\/wp\/v2\/media?parent=96440"}],"wp:term":[{"taxonomy":"product_cat","embeddable":true,"href":"https:\/\/www.codicer95.es\/de\/wp-json\/wp\/v2\/product_cat?post=96440"},{"taxonomy":"product_tag","embeddable":true,"href":"https:\/\/www.codicer95.es\/de\/wp-json\/wp\/v2\/product_tag?post=96440"}],"curies":[{"name":"wp","href":"https:\/\/api.w.org\/{rel}","templated":true}]}}